{"id":483,"date":"2017-09-13T11:46:20","date_gmt":"2017-09-13T11:46:20","guid":{"rendered":"https:\/\/glass-security.dk\/ulykker-og-uheld\/"},"modified":"2019-02-11T15:27:38","modified_gmt":"2019-02-11T14:27:38","slug":"ulykker-og-uhell","status":"publish","type":"page","link":"https:\/\/glass-security.dk\/no\/ulykker-og-uhell\/","title":{"rendered":"Ulykker og uhell"},"content":{"rendered":"<div class=\"wpb-content-wrapper\"><p>[vc_row row_type=&raquo;row&raquo; use_row_as_full_screen_section=&raquo;no&raquo; type=&raquo;grid&raquo; text_align=&raquo;left&raquo; background_animation=&raquo;none&raquo; css_animation=&raquo;&raquo; css=&raquo;.vc_custom_1549895231483{padding-top: 70px !important;}&raquo;][vc_column width=&raquo;5\/12&#8243;][vc_column_text el_class=&raquo;lead&raquo;]Med sikringsfilm fra 3M unng\u00e5r du arbeidsskader og kassert produksjon.[\/vc_column_text][vc_column_text el_class=&raquo;contact-block&raquo;]Kontakt oss for mer r\u00e5dgivning:<\/p>\n<div class='q_icon_with_title tiny circle without_double_border'><div class=\"icon_holder q_icon_animation\" style=\" \"><div class=\"icon_holder_inner\"><span class=\"fa-stack fa-lg  custom-font\" style=\"\"><i class=\"icon_text_icon fa fa-phone fa-stack-1x\"><\/i><\/span><\/div><\/div><div class=\"icon_text_holder\" style=\"\"><div class=\"icon_text_inner\" style=\"\"><h4 class=\"icon_title\" style=\"\"><\/h4><p style=''><\/p><a class='icon_with_title_link' href='tel:+4571997791' target='_self' style=''>+45 71 99 77 91<\/a><\/div><\/div><\/div><div class='q_icon_with_title tiny circle without_double_border'><div class=\"icon_holder q_icon_animation\" style=\" \"><div class=\"icon_holder_inner\"><span class=\"fa-stack fa-lg  custom-font\" style=\"\"><i class=\"icon_text_icon fa fa-envelope fa-stack-1x\"><\/i><\/span><\/div><\/div><div class=\"icon_text_holder\" style=\"\"><div class=\"icon_text_inner\" style=\"\"><h4 class=\"icon_title\" style=\"\"><\/h4><p style=''><\/p><a class='icon_with_title_link' href='mailto:info@glass-security.no' target='_self' style=''>info@glass-security.no<\/a><\/div><\/div><\/div><div class='q_icon_with_title tiny circle without_double_border'><div class=\"icon_holder q_icon_animation\" style=\" \"><div class=\"icon_holder_inner\"><span class=\"fa-stack fa-lg  custom-font\" style=\"\"><i class=\"icon_text_icon fa fa-comment fa-stack-1x\"><\/i><\/span><\/div><\/div><div class=\"icon_text_holder\" style=\"\"><div class=\"icon_text_inner\" style=\"\"><h4 class=\"icon_title\" style=\"\"><\/h4><p style=''><\/p><a class='icon_with_title_link' href='\/no\/kontakt\/' target='_self' style=''>Send en melding<\/a><\/div><\/div><\/div>[\/vc_column_text][\/vc_column][vc_column width=&raquo;7\/12&#8243;][vc_column_text]I bedrifter hvor matvarer er produsert og h\u00e5ndtert, kan glassbiter fra et knust vindu eller en skillevegg i glass \u00f8delegge hele eller store deler av produksjonen.<\/p>\n<p>Sikring med sikkerhetsfilm kan derfor vise seg \u00e5 v\u00e6re en god, kostnadseffektiv og enkel l\u00f8sning som eliminerer risikoen for sk\u00e5r og splinter som kan medf\u00f8re betydelige kostnader som f\u00f8lge av \u00f8delagte produkter.<\/p>\n<p>Sikkerhetsfilm p\u00e5 vinduer beskytter naturligvis ogs\u00e5 de ansatte ved uhell der glass kan knuse, noe som reduserer risikoen for arbeidsulykker p\u00e5 grunn av flygende og fallende glassk\u00e5r og -splinter.<\/p>\n<p>I byggeprosjekter forekommer det feilleveringer eller endringer i byggeplanene, noe som gj\u00f8r at glass som skulle ha v\u00e6rt fabrikklaminert, ikke er det. Etterlaminering med 3M sikringsfilm er en kostnadseffektiv m\u00e5te \u00e5 l\u00f8se problemet p\u00e5. Hos Nordic Glass Security har vi implementert disse l\u00f8sningene selv p\u00e5 ikoniske bygninger hvor kravene til sluttproduktet er veldig h\u00f8ye, og det med kundens tilfredshet.[\/vc_column_text][\/vc_column][\/vc_row][vc_row row_type=&raquo;row&raquo; use_row_as_full_screen_section=&raquo;no&raquo; type=&raquo;grid&raquo; text_align=&raquo;left&raquo; background_animation=&raquo;none&raquo; css_animation=&raquo;&raquo; css=&raquo;.vc_custom_1549895245570{padding-bottom: 10px !important;}&raquo;][vc_column][vc_separator type=&raquo;normal&raquo; color=&raquo;#ccccc7&#8243; border_style=&raquo;&raquo; up=&raquo;70&#8243; down=&raquo;70&#8243;][vc_column_text]<\/p>\n<h2 style=\"text-align: center;\">Cases<\/h2>\n<p>[\/vc_column_text][vc_empty_space height=&raquo;50px&raquo;]<div class='projects_holder_outer v3 portfolio_with_space portfolio_standard  qode-filter-position-top'>\n\t    \t<div class='projects_holder clearfix v3 standard portfolio_square_image '>\n\t\t<article class=\"mix portfolio_category_20\">\n    <div class='image_holder default_hover'>\n        \n<span class='image'><img fetchpriority=\"high\" decoding=\"async\" width=\"550\" height=\"550\" src=\"https:\/\/glass-security.dk\/wp-content\/uploads\/2017\/09\/sikkerhedsfilm-middelfart-retspsykiatri-08-550x550.jpg\" class=\"attachment-portfolio-square size-portfolio-square wp-post-image\" alt=\"\" srcset=\"https:\/\/glass-security.dk\/wp-content\/uploads\/2017\/09\/sikkerhedsfilm-middelfart-retspsykiatri-08-550x550.jpg 550w, https:\/\/glass-security.dk\/wp-content\/uploads\/2017\/09\/sikkerhedsfilm-middelfart-retspsykiatri-08-150x150.jpg 150w, https:\/\/glass-security.dk\/wp-content\/uploads\/2017\/09\/sikkerhedsfilm-middelfart-retspsykiatri-08-500x500.jpg 500w, https:\/\/glass-security.dk\/wp-content\/uploads\/2017\/09\/sikkerhedsfilm-middelfart-retspsykiatri-08-1000x1000.jpg 1000w\" sizes=\"(max-width: 550px) 100vw, 550px\" \/><\/span>\n                    <a class='portfolio_link_class' href='https:\/\/glass-security.dk\/no\/case\/middelfart-sygehus-retspsykiatri\/' target='_self'><\/a>\n\t\t\n        <div class=\"portfolio_shader\"><\/div>\n\t\t<div class=\"icons_holder\">\n\t<div class=\"icons_holder_inner\">\n\t\t\t\t\t<\/div>\n<\/div>\n    <\/div>\n\n    <div class='portfolio_description  text_align_center' >\n            <h4 class=\"portfolio_title\" ><a href=\"https:\/\/glass-security.dk\/no\/case\/middelfart-sygehus-retspsykiatri\/\" target=\"_self\"> Middelfart Sygehus Retspsykiatri<\/a><\/h4>\n<h6 class=\"portfolio_subtitle\"> <\/h6>\t<span class=\"project_category\">\n        <span> In <\/span>\n\t\tUlykker og uhell    <\/span>\n    <\/div>\n<\/article>\n<article class=\"mix portfolio_category_19\">\n    <div class='image_holder default_hover'>\n        \n<span class='image'><img decoding=\"async\" width=\"550\" height=\"550\" src=\"https:\/\/glass-security.dk\/wp-content\/uploads\/2017\/09\/jyske-bank-07-550x550.jpg\" class=\"attachment-portfolio-square size-portfolio-square wp-post-image\" alt=\"\" srcset=\"https:\/\/glass-security.dk\/wp-content\/uploads\/2017\/09\/jyske-bank-07-550x550.jpg 550w, https:\/\/glass-security.dk\/wp-content\/uploads\/2017\/09\/jyske-bank-07-150x150.jpg 150w, https:\/\/glass-security.dk\/wp-content\/uploads\/2017\/09\/jyske-bank-07-500x500.jpg 500w, https:\/\/glass-security.dk\/wp-content\/uploads\/2017\/09\/jyske-bank-07-1000x1000.jpg 1000w\" sizes=\"(max-width: 550px) 100vw, 550px\" \/><\/span>\n                    <a class='portfolio_link_class' href='https:\/\/glass-security.dk\/no\/case\/jyske-bank\/' target='_self'><\/a>\n\t\t\n        <div class=\"portfolio_shader\"><\/div>\n\t\t<div class=\"icons_holder\">\n\t<div class=\"icons_holder_inner\">\n\t\t\t\t\t<\/div>\n<\/div>\n    <\/div>\n\n    <div class='portfolio_description  text_align_center' >\n            <h4 class=\"portfolio_title\" ><a href=\"https:\/\/glass-security.dk\/no\/case\/jyske-bank\/\" target=\"_self\"> Jyske Bank<\/a><\/h4>\n<h6 class=\"portfolio_subtitle\"> <\/h6>\t<span class=\"project_category\">\n        <span> In <\/span>\n\t\tInnbrudd og tyveri    <\/span>\n    <\/div>\n<\/article>\n<article class=\"mix portfolio_category_18 portfolio_category_20\">\n    <div class='image_holder default_hover'>\n        \n<span class='image'><img decoding=\"async\" width=\"550\" height=\"550\" src=\"https:\/\/glass-security.dk\/wp-content\/uploads\/2017\/10\/aarhus-lufthavn-1-550x550.jpg\" class=\"attachment-portfolio-square size-portfolio-square wp-post-image\" alt=\"\" srcset=\"https:\/\/glass-security.dk\/wp-content\/uploads\/2017\/10\/aarhus-lufthavn-1-550x550.jpg 550w, https:\/\/glass-security.dk\/wp-content\/uploads\/2017\/10\/aarhus-lufthavn-1-150x150.jpg 150w, https:\/\/glass-security.dk\/wp-content\/uploads\/2017\/10\/aarhus-lufthavn-1-500x500.jpg 500w, https:\/\/glass-security.dk\/wp-content\/uploads\/2017\/10\/aarhus-lufthavn-1-1000x1000.jpg 1000w\" sizes=\"(max-width: 550px) 100vw, 550px\" \/><\/span>\n                    <a class='portfolio_link_class' href='https:\/\/glass-security.dk\/no\/case\/aarhus-lufthavn\/' target='_self'><\/a>\n\t\t\n        <div class=\"portfolio_shader\"><\/div>\n\t\t<div class=\"icons_holder\">\n\t<div class=\"icons_holder_inner\">\n\t\t\t\t\t<\/div>\n<\/div>\n    <\/div>\n\n    <div class='portfolio_description  text_align_center' >\n            <h4 class=\"portfolio_title\" ><a href=\"https:\/\/glass-security.dk\/no\/case\/aarhus-lufthavn\/\" target=\"_self\"> Aarhus Lufthavn<\/a><\/h4>\n<h6 class=\"portfolio_subtitle\"> <\/h6>\t<span class=\"project_category\">\n        <span> In <\/span>\n\t\tEksplosjon \/ Ulykker og uhell    <\/span>\n    <\/div>\n<\/article>\n\t\t\t\t\t<div class='filler'><\/div>\n\t\t\t\t\t\t\t\t\t<div class='filler'><\/div>\n\t\t\t\t\t\t\t\t\t<div class='filler'><\/div>\n\t\t\t\t\t<\/div>\n\n    \n\t<\/div>\n[\/vc_column][\/vc_row]<\/p>\n<\/div>","protected":false},"excerpt":{"rendered":"<p>[vc_row row_type=&raquo;row&raquo; use_row_as_full_screen_section=&raquo;no&raquo; type=&raquo;grid&raquo; text_align=&raquo;left&raquo; background_animation=&raquo;none&raquo; css_animation=&raquo;&raquo; css=&raquo;.vc_custom_1549895231483{padding-top: 70px !important;}&raquo;][vc_column width=&raquo;5\/12&#8243;][vc_column_text el_class=&raquo;lead&raquo;]Med sikringsfilm fra 3M unng\u00e5r du arbeidsskader og kassert produksjon.[\/vc_column_text][vc_column_text el_class=&raquo;contact-block&raquo;]Kontakt oss for mer r\u00e5dgivning: [\/vc_column_text][\/vc_column][vc_column width=&raquo;7\/12&#8243;][vc_column_text]I bedrifter hvor matvarer er produsert og h\u00e5ndtert, kan glassbiter fra et knust vindu eller en skillevegg i&#8230;<\/p>\n","protected":false},"author":1,"featured_media":0,"parent":0,"menu_order":0,"comment_status":"closed","ping_status":"closed","template":"full_width.php","meta":{"footnotes":""},"class_list":["post-483","page","type-page","status-publish","hentry"],"_links":{"self":[{"href":"https:\/\/glass-security.dk\/no\/wp-json\/wp\/v2\/pages\/483"}],"collection":[{"href":"https:\/\/glass-security.dk\/no\/wp-json\/wp\/v2\/pages"}],"about":[{"href":"https:\/\/glass-security.dk\/no\/wp-json\/wp\/v2\/types\/page"}],"author":[{"embeddable":true,"href":"https:\/\/glass-security.dk\/no\/wp-json\/wp\/v2\/users\/1"}],"replies":[{"embeddable":true,"href":"https:\/\/glass-security.dk\/no\/wp-json\/wp\/v2\/comments?post=483"}],"version-history":[{"count":5,"href":"https:\/\/glass-security.dk\/no\/wp-json\/wp\/v2\/pages\/483\/revisions"}],"predecessor-version":[{"id":937,"href":"https:\/\/glass-security.dk\/no\/wp-json\/wp\/v2\/pages\/483\/revisions\/937"}],"wp:attachment":[{"href":"https:\/\/glass-security.dk\/no\/wp-json\/wp\/v2\/media?parent=483"}],"curies":[{"name":"wp","href":"https:\/\/api.w.org\/{rel}","templated":true}]}}