{"id":477,"date":"2017-09-13T11:45:43","date_gmt":"2017-09-13T11:45:43","guid":{"rendered":"https:\/\/glass-security.dk\/eksplosion\/"},"modified":"2019-02-11T14:59:56","modified_gmt":"2019-02-11T13:59:56","slug":"eksplosjon","status":"publish","type":"page","link":"https:\/\/glass-security.dk\/no\/eksplosjon\/","title":{"rendered":"Eksplosjon"},"content":{"rendered":"<div class=\"wpb-content-wrapper\"><p>[vc_row row_type=&raquo;row&raquo; use_row_as_full_screen_section=&raquo;no&raquo; type=&raquo;grid&raquo; text_align=&raquo;left&raquo; background_animation=&raquo;none&raquo; css_animation=&raquo;&raquo; css=&raquo;.vc_custom_1549893469230{padding-top: 70px !important;}&raquo;][vc_column width=&raquo;5\/12&#8243;][vc_column_text el_class=&raquo;lead&raquo;]Nordic Glass Security sikrer b\u00e5de deg, dine ansatte og dine kunder.[\/vc_column_text][vc_column_text el_class=&raquo;contact-block&raquo;]Kontakt oss for mer r\u00e5dgivning:<\/p>\n<div class='q_icon_with_title tiny circle without_double_border'><div class=\"icon_holder q_icon_animation\" style=\" \"><div class=\"icon_holder_inner\"><span class=\"fa-stack fa-lg  custom-font\" style=\"\"><i class=\"icon_text_icon fa fa-phone fa-stack-1x\"><\/i><\/span><\/div><\/div><div class=\"icon_text_holder\" style=\"\"><div class=\"icon_text_inner\" style=\"\"><h4 class=\"icon_title\" style=\"\"><\/h4><p style=''><\/p><a class='icon_with_title_link' href='tel:+4571997791' target='_self' style=''>+45 71 99 77 91<\/a><\/div><\/div><\/div><div class='q_icon_with_title tiny circle without_double_border'><div class=\"icon_holder q_icon_animation\" style=\" \"><div class=\"icon_holder_inner\"><span class=\"fa-stack fa-lg  custom-font\" style=\"\"><i class=\"icon_text_icon fa fa-envelope fa-stack-1x\"><\/i><\/span><\/div><\/div><div class=\"icon_text_holder\" style=\"\"><div class=\"icon_text_inner\" style=\"\"><h4 class=\"icon_title\" style=\"\"><\/h4><p style=''><\/p><a class='icon_with_title_link' href='mailto:info@glass-security.no' target='_self' style=''>info@glass-security.no<\/a><\/div><\/div><\/div><div class='q_icon_with_title tiny circle without_double_border'><div class=\"icon_holder q_icon_animation\" style=\" \"><div class=\"icon_holder_inner\"><span class=\"fa-stack fa-lg  custom-font\" style=\"\"><i class=\"icon_text_icon fa fa-comment fa-stack-1x\"><\/i><\/span><\/div><\/div><div class=\"icon_text_holder\" style=\"\"><div class=\"icon_text_inner\" style=\"\"><h4 class=\"icon_title\" style=\"\"><\/h4><p style=''><\/p><a class='icon_with_title_link' href='\/no\/kontakt\/' target='_self' style=''>Send en melding<\/a><\/div><\/div><\/div>[\/vc_column_text][\/vc_column][vc_column width=&raquo;7\/12&#8243;][vc_column_text]For bare noen f\u00e5 \u00e5r siden var terror et begrep vi forbandt med utlandet og mer eksotiske himmelstr\u00f8k, men i det siste har denne trusselen kommet n\u00e6r, og den har\u00a0dessverre ogs\u00e5 rammet v\u00e5re egne byer og gater. Butikksentre og g\u00e5gater i nabolandene v\u00e5re har v\u00e6rt scener for triste hendelser.<\/p>\n<p>Det er vanskelig \u00e5 forutsi hvor og n\u00e5r terroristene sl\u00e5r til, og de velger hele tiden nye v\u00e5pen for \u00e5 kunne ramme oss der vi er mest s\u00e5rbare. En popul\u00e6r metode er bruk av bomber og eksplosiver. I slike tilfeller vurderer danske PET at cirka 90 % av personskadene for\u00e5rsakes av flyvende glass og glassbiter.<\/p>\n<p>Derfor er sikkerhetsfilm ogs\u00e5 nevnt i PET-kampanjen \u201cOmtanke\u201d, som gir gode r\u00e5d til hvordan man kan beskytte seg mot terror. PET beskriver sikkerhetsfilm som en enkel, effektiv og \u00f8konomisk sikkerhet, og anbefaler derfor butikker, kafeer og restauranter i trafikkerte omr\u00e5der \u00e5 sikre seg gjennom montering av sikkerhetsfilm.<\/p>\n<p>Hos Nordic Glass Security tilbyr vi deg kompetent r\u00e5dgivning og kan simulere scenarier for dine behov, slik at du kan f\u00e5 dokumentert yteevne\/sikring p\u00e5 bakgrunn av de gitte scenariene.[\/vc_column_text][\/vc_column][\/vc_row][vc_row row_type=&raquo;row&raquo; use_row_as_full_screen_section=&raquo;no&raquo; type=&raquo;grid&raquo; text_align=&raquo;left&raquo; background_animation=&raquo;none&raquo; css_animation=&raquo;&raquo; css=&raquo;.vc_custom_1549893474021{padding-bottom: 10px !important;}&raquo;][vc_column][vc_separator type=&raquo;normal&raquo; color=&raquo;#ccccc7&#8243; border_style=&raquo;&raquo; up=&raquo;70&#8243; down=&raquo;70&#8243;][vc_column_text]<\/p>\n<h2 style=\"text-align: center;\">Cases<\/h2>\n<p>[\/vc_column_text][vc_empty_space height=&raquo;50px&raquo;]<div class='projects_holder_outer v3 portfolio_with_space portfolio_standard  qode-filter-position-top'>\n\t    \t<div class='projects_holder clearfix v3 standard portfolio_square_image '>\n\t\t<article class=\"mix portfolio_category_20\">\n    <div class='image_holder default_hover'>\n        \n<span class='image'><img fetchpriority=\"high\" decoding=\"async\" width=\"550\" height=\"550\" src=\"https:\/\/glass-security.dk\/wp-content\/uploads\/2017\/09\/sikkerhedsfilm-middelfart-retspsykiatri-08-550x550.jpg\" class=\"attachment-portfolio-square size-portfolio-square wp-post-image\" alt=\"\" srcset=\"https:\/\/glass-security.dk\/wp-content\/uploads\/2017\/09\/sikkerhedsfilm-middelfart-retspsykiatri-08-550x550.jpg 550w, https:\/\/glass-security.dk\/wp-content\/uploads\/2017\/09\/sikkerhedsfilm-middelfart-retspsykiatri-08-150x150.jpg 150w, https:\/\/glass-security.dk\/wp-content\/uploads\/2017\/09\/sikkerhedsfilm-middelfart-retspsykiatri-08-500x500.jpg 500w, https:\/\/glass-security.dk\/wp-content\/uploads\/2017\/09\/sikkerhedsfilm-middelfart-retspsykiatri-08-1000x1000.jpg 1000w\" sizes=\"(max-width: 550px) 100vw, 550px\" \/><\/span>\n                    <a class='portfolio_link_class' href='https:\/\/glass-security.dk\/no\/case\/middelfart-sygehus-retspsykiatri\/' target='_self'><\/a>\n\t\t\n        <div class=\"portfolio_shader\"><\/div>\n\t\t<div class=\"icons_holder\">\n\t<div class=\"icons_holder_inner\">\n\t\t\t\t\t<\/div>\n<\/div>\n    <\/div>\n\n    <div class='portfolio_description  text_align_center' >\n            <h4 class=\"portfolio_title\" ><a href=\"https:\/\/glass-security.dk\/no\/case\/middelfart-sygehus-retspsykiatri\/\" target=\"_self\"> Middelfart Sygehus Retspsykiatri<\/a><\/h4>\n<h6 class=\"portfolio_subtitle\"> <\/h6>\t<span class=\"project_category\">\n        <span> In <\/span>\n\t\tUlykker og uhell    <\/span>\n    <\/div>\n<\/article>\n<article class=\"mix portfolio_category_19\">\n    <div class='image_holder default_hover'>\n        \n<span class='image'><img decoding=\"async\" width=\"550\" height=\"550\" src=\"https:\/\/glass-security.dk\/wp-content\/uploads\/2017\/09\/jyske-bank-07-550x550.jpg\" class=\"attachment-portfolio-square size-portfolio-square wp-post-image\" alt=\"\" srcset=\"https:\/\/glass-security.dk\/wp-content\/uploads\/2017\/09\/jyske-bank-07-550x550.jpg 550w, https:\/\/glass-security.dk\/wp-content\/uploads\/2017\/09\/jyske-bank-07-150x150.jpg 150w, https:\/\/glass-security.dk\/wp-content\/uploads\/2017\/09\/jyske-bank-07-500x500.jpg 500w, https:\/\/glass-security.dk\/wp-content\/uploads\/2017\/09\/jyske-bank-07-1000x1000.jpg 1000w\" sizes=\"(max-width: 550px) 100vw, 550px\" \/><\/span>\n                    <a class='portfolio_link_class' href='https:\/\/glass-security.dk\/no\/case\/jyske-bank\/' target='_self'><\/a>\n\t\t\n        <div class=\"portfolio_shader\"><\/div>\n\t\t<div class=\"icons_holder\">\n\t<div class=\"icons_holder_inner\">\n\t\t\t\t\t<\/div>\n<\/div>\n    <\/div>\n\n    <div class='portfolio_description  text_align_center' >\n            <h4 class=\"portfolio_title\" ><a href=\"https:\/\/glass-security.dk\/no\/case\/jyske-bank\/\" target=\"_self\"> Jyske Bank<\/a><\/h4>\n<h6 class=\"portfolio_subtitle\"> <\/h6>\t<span class=\"project_category\">\n        <span> In <\/span>\n\t\tInnbrudd og tyveri    <\/span>\n    <\/div>\n<\/article>\n<article class=\"mix portfolio_category_18 portfolio_category_20\">\n    <div class='image_holder default_hover'>\n        \n<span class='image'><img decoding=\"async\" width=\"550\" height=\"550\" src=\"https:\/\/glass-security.dk\/wp-content\/uploads\/2017\/10\/aarhus-lufthavn-1-550x550.jpg\" class=\"attachment-portfolio-square size-portfolio-square wp-post-image\" alt=\"\" srcset=\"https:\/\/glass-security.dk\/wp-content\/uploads\/2017\/10\/aarhus-lufthavn-1-550x550.jpg 550w, https:\/\/glass-security.dk\/wp-content\/uploads\/2017\/10\/aarhus-lufthavn-1-150x150.jpg 150w, https:\/\/glass-security.dk\/wp-content\/uploads\/2017\/10\/aarhus-lufthavn-1-500x500.jpg 500w, https:\/\/glass-security.dk\/wp-content\/uploads\/2017\/10\/aarhus-lufthavn-1-1000x1000.jpg 1000w\" sizes=\"(max-width: 550px) 100vw, 550px\" \/><\/span>\n                    <a class='portfolio_link_class' href='https:\/\/glass-security.dk\/no\/case\/aarhus-lufthavn\/' target='_self'><\/a>\n\t\t\n        <div class=\"portfolio_shader\"><\/div>\n\t\t<div class=\"icons_holder\">\n\t<div class=\"icons_holder_inner\">\n\t\t\t\t\t<\/div>\n<\/div>\n    <\/div>\n\n    <div class='portfolio_description  text_align_center' >\n            <h4 class=\"portfolio_title\" ><a href=\"https:\/\/glass-security.dk\/no\/case\/aarhus-lufthavn\/\" target=\"_self\"> Aarhus Lufthavn<\/a><\/h4>\n<h6 class=\"portfolio_subtitle\"> <\/h6>\t<span class=\"project_category\">\n        <span> In <\/span>\n\t\tEksplosjon \/ Ulykker og uhell    <\/span>\n    <\/div>\n<\/article>\n\t\t\t\t\t<div class='filler'><\/div>\n\t\t\t\t\t\t\t\t\t<div class='filler'><\/div>\n\t\t\t\t\t\t\t\t\t<div class='filler'><\/div>\n\t\t\t\t\t<\/div>\n\n    \n\t<\/div>\n[\/vc_column][\/vc_row]<\/p>\n<\/div>","protected":false},"excerpt":{"rendered":"<p>[vc_row row_type=&raquo;row&raquo; use_row_as_full_screen_section=&raquo;no&raquo; type=&raquo;grid&raquo; text_align=&raquo;left&raquo; background_animation=&raquo;none&raquo; css_animation=&raquo;&raquo; css=&raquo;.vc_custom_1549893469230{padding-top: 70px !important;}&raquo;][vc_column width=&raquo;5\/12&#8243;][vc_column_text el_class=&raquo;lead&raquo;]Nordic Glass Security sikrer b\u00e5de deg, dine ansatte og dine kunder.[\/vc_column_text][vc_column_text el_class=&raquo;contact-block&raquo;]Kontakt oss for mer r\u00e5dgivning: [\/vc_column_text][\/vc_column][vc_column width=&raquo;7\/12&#8243;][vc_column_text]For bare noen f\u00e5 \u00e5r siden var terror et begrep vi forbandt med utlandet og mer eksotiske&#8230;<\/p>\n","protected":false},"author":1,"featured_media":0,"parent":0,"menu_order":0,"comment_status":"closed","ping_status":"closed","template":"full_width.php","meta":{"footnotes":""},"class_list":["post-477","page","type-page","status-publish","hentry"],"_links":{"self":[{"href":"https:\/\/glass-security.dk\/no\/wp-json\/wp\/v2\/pages\/477"}],"collection":[{"href":"https:\/\/glass-security.dk\/no\/wp-json\/wp\/v2\/pages"}],"about":[{"href":"https:\/\/glass-security.dk\/no\/wp-json\/wp\/v2\/types\/page"}],"author":[{"embeddable":true,"href":"https:\/\/glass-security.dk\/no\/wp-json\/wp\/v2\/users\/1"}],"replies":[{"embeddable":true,"href":"https:\/\/glass-security.dk\/no\/wp-json\/wp\/v2\/comments?post=477"}],"version-history":[{"count":5,"href":"https:\/\/glass-security.dk\/no\/wp-json\/wp\/v2\/pages\/477\/revisions"}],"predecessor-version":[{"id":931,"href":"https:\/\/glass-security.dk\/no\/wp-json\/wp\/v2\/pages\/477\/revisions\/931"}],"wp:attachment":[{"href":"https:\/\/glass-security.dk\/no\/wp-json\/wp\/v2\/media?parent=477"}],"curies":[{"name":"wp","href":"https:\/\/api.w.org\/{rel}","templated":true}]}}